{"id":9691,"date":"2025-09-03T09:41:32","date_gmt":"2025-09-03T06:41:32","guid":{"rendered":"https:\/\/ecostera.com\/dk\/product\/etui-til-briller\/"},"modified":"2025-09-03T09:42:23","modified_gmt":"2025-09-03T06:42:23","slug":"etui-til-briller","status":"publish","type":"product","link":"https:\/\/ecostera.com\/dk\/product\/etui-til-briller\/","title":{"rendered":"Etui til briller"},"content":{"rendered":"<h2 style=\"text-align: center\" data-start=\"0\" data-end=\"34\">Bl\u00f8dt og beskyttende materiale<\/h2>\n<p class=\"\" style=\"text-align: center\" data-start=\"35\" data-end=\"196\">Dette brilleetui er lavet af bl\u00f8dt PU-l\u00e6der med en glat indvendig foring for at forhindre ridser. Det sk\u00e5nsomme materiale beskytter dine briller mod st\u00f8v og skader.<\/p>\n<p data-start=\"35\" data-end=\"196\"><img decoding=\"async\" class=\"alignnone size-medium wp-image-13185 aligncenter\" src=\"https:\/\/keluvo.com\/template\/wp-content\/uploads\/sites\/5\/2025\/04\/Sbe6c503f31fe42d9aeb723e37609f75cj.jpg_960x960q75.jpg_.jpeg\" alt=\"\" \/><\/p>\n<h2 style=\"text-align: center\" data-start=\"198\" data-end=\"233\">Let og nemt at b\u00e6re<\/h2>\n<p class=\"\" style=\"text-align: center\" data-start=\"234\" data-end=\"390\">Designet af praktiske \u00e5rsager er dette brilleetui let og nemt at tage med overalt. Det fastgjorte h\u00e5ndtag g\u00f8r det muligt at h\u00e6nge det p\u00e5 en taske for hurtig adgang.<\/p>\n<p data-start=\"234\" data-end=\"390\"><img decoding=\"async\" class=\"alignnone size-medium wp-image-13186 aligncenter\" src=\"https:\/\/keluvo.com\/template\/wp-content\/uploads\/sites\/5\/2025\/04\/Sd5825f86d7d54427b7de9fb5ea8ceede2.jpg_960x960q75.jpg_.jpeg\" alt=\"\" \/><\/p>\n","protected":false},"excerpt":{"rendered":"<p>Bl\u00f8dt og beskyttende materiale Dette brilleetui er lavet af bl\u00f8dt PU-l\u00e6der med en glat indvendig foring for at forhindre ridser. [&hellip;]<\/p>\n","protected":false},"featured_media":9687,"comment_status":"open","ping_status":"closed","template":"","meta":{"site-sidebar-layout":"default","site-content-layout":"","ast-site-content-layout":"default","site-content-style":"default","site-sidebar-style":"default","ast-global-header-display":"","ast-banner-title-visibility":"","ast-main-header-display":"","ast-hfb-above-header-display":"","ast-hfb-below-header-display":"","ast-hfb-mobile-header-display":"","site-post-title":"","ast-breadcrumbs-content":"","ast-featured-img":"","footer-sml-layout":"","theme-transparent-header-meta":"default","adv-header-id-meta":"","stick-header-meta":"","header-above-stick-meta":"","header-main-stick-meta":"","header-below-stick-meta":"","astra-migrate-meta-layouts":"set","ast-page-background-enabled":"default","ast-page-background-meta":{"desktop":{"background-color":"var(--ast-global-color-5)","background-image":"","background-repeat":"repeat","background-position":"center center","background-size":"auto","background-attachment":"scroll","background-type":"","background-media":"","overlay-type":"","overlay-color":"","overlay-opacity":"","overlay-gradient":""},"tablet":{"background-color":"","background-image":"","background-repeat":"repeat","background-position":"center center","background-size":"auto","background-attachment":"scroll","background-type":"","background-media":"","overlay-type":"","overlay-color":"","overlay-opacity":"","overlay-gradient":""},"mobile":{"background-color":"","background-image":"","background-repeat":"repeat","background-position":"center center","background-size":"auto","background-attachment":"scroll","background-type":"","background-media":"","overlay-type":"","overlay-color":"","overlay-opacity":"","overlay-gradient":""}},"ast-content-background-meta":{"desktop":{"background-color":"var(--ast-global-color-4)","background-image":"","background-repeat":"repeat","background-position":"center center","background-size":"auto","background-attachment":"scroll","background-type":"","background-media":"","overlay-type":"","overlay-color":"","overlay-opacity":"","overlay-gradient":""},"tablet":{"background-color":"var(--ast-global-color-4)","background-image":"","background-repeat":"repeat","background-position":"center center","background-size":"auto","background-attachment":"scroll","background-type":"","background-media":"","overlay-type":"","overlay-color":"","overlay-opacity":"","overlay-gradient":""},"mobile":{"background-color":"var(--ast-global-color-4)","background-image":"","background-repeat":"repeat","background-position":"center center","background-size":"auto","background-attachment":"scroll","background-type":"","background-media":"","overlay-type":"","overlay-color":"","overlay-opacity":"","overlay-gradient":""}}},"product_brand":[],"product_cat":[19],"product_tag":[],"class_list":{"0":"post-9691","1":"product","2":"type-product","3":"status-publish","4":"has-post-thumbnail","6":"product_cat-uncategorized","7":"pa_21671_l8ai5z4h-brun","8":"pa_21671_l8ai5z4h-graa","9":"pa_21671_l8ai5z4h-groen","10":"pa_21671_l8ai5z4h-khaki","11":"pa_21671_l8ai5z4h-orange","12":"pa_21671_l8ai5z4h-sort","13":"desktop-align-left","14":"tablet-align-left","15":"mobile-align-left","17":"first","18":"instock","19":"shipping-taxable","20":"purchasable","21":"product-type-variable"},"_links":{"self":[{"href":"https:\/\/ecostera.com\/dk\/wp-json\/wp\/v2\/product\/9691","targetHints":{"allow":["GET"]}}],"collection":[{"href":"https:\/\/ecostera.com\/dk\/wp-json\/wp\/v2\/product"}],"about":[{"href":"https:\/\/ecostera.com\/dk\/wp-json\/wp\/v2\/types\/product"}],"replies":[{"embeddable":true,"href":"https:\/\/ecostera.com\/dk\/wp-json\/wp\/v2\/comments?post=9691"}],"wp:featuredmedia":[{"embeddable":true,"href":"https:\/\/ecostera.com\/dk\/wp-json\/wp\/v2\/media\/9687"}],"wp:attachment":[{"href":"https:\/\/ecostera.com\/dk\/wp-json\/wp\/v2\/media?parent=9691"}],"wp:term":[{"taxonomy":"product_brand","embeddable":true,"href":"https:\/\/ecostera.com\/dk\/wp-json\/wp\/v2\/product_brand?post=9691"},{"taxonomy":"product_cat","embeddable":true,"href":"https:\/\/ecostera.com\/dk\/wp-json\/wp\/v2\/product_cat?post=9691"},{"taxonomy":"product_tag","embeddable":true,"href":"https:\/\/ecostera.com\/dk\/wp-json\/wp\/v2\/product_tag?post=9691"}],"curies":[{"name":"wp","href":"https:\/\/api.w.org\/{rel}","templated":true}]}}