{"id":9712,"date":"2025-09-03T09:43:15","date_gmt":"2025-09-03T06:43:15","guid":{"rendered":"https:\/\/ecostera.com\/dk\/product\/reparation-af-doerhaengsler\/"},"modified":"2025-09-30T11:04:15","modified_gmt":"2025-09-30T08:04:15","slug":"reparation-af-doerhaengsler","status":"publish","type":"product","link":"https:\/\/ecostera.com\/dk\/product\/reparation-af-doerhaengsler\/","title":{"rendered":"Reparation af d\u00f8rh\u00e6ngsler"},"content":{"rendered":"<h2 style=\"text-align: center\" data-start=\"0\" data-end=\"33\">St\u00e6rkt og holdbart materiale<\/h2>\n<p class=\"\" style=\"text-align: center\" data-start=\"34\" data-end=\"219\">Denne reparationsplade til d\u00f8rh\u00e6ngsler er lavet af rustfrit st\u00e5l af h\u00f8j kvalitet, hvilket g\u00f8r den st\u00e6rk og langtidsholdbar. Den modst\u00e5r rust og slid og sikrer p\u00e5lidelig st\u00f8tte til dine h\u00e6ngsler over tid.<\/p>\n<p data-start=\"34\" data-end=\"219\"><img decoding=\"async\" class=\"alignnone size-medium wp-image-13201 aligncenter\" src=\"https:\/\/keluvo.com\/template\/wp-content\/uploads\/sites\/5\/2025\/04\/S2c27e83e84c6439da370ccf5c2c247fbh.jpg_960x960q75.jpg_.jpeg\" alt=\"\" \/><\/p>\n<h2 style=\"text-align: center\" data-start=\"221\" data-end=\"242\">Nem at installere<\/h2>\n<p class=\"\" style=\"text-align: center\" data-start=\"243\" data-end=\"436\">Reparationspladen er designet til enkel installation, s\u00e5 du hurtigt kan reparere beskadigede h\u00e6ngsler. Den d\u00e6kker det oprindelige monteringsomr\u00e5de og giver en sikker og stabil pasform uden ekstra indsats.<\/p>\n<p data-start=\"243\" data-end=\"436\"><img decoding=\"async\" class=\"alignnone size-medium wp-image-13198 aligncenter\" src=\"https:\/\/keluvo.com\/template\/wp-content\/uploads\/sites\/5\/2025\/04\/30091203-6103-4603-8774-ef53ff238aca-e1743572972863.webp\" alt=\"\" \/><\/p>\n","protected":false},"excerpt":{"rendered":"<p>St\u00e6rkt og holdbart materiale Denne reparationsplade til d\u00f8rh\u00e6ngsler er lavet af rustfrit st\u00e5l af h\u00f8j kvalitet, hvilket g\u00f8r den st\u00e6rk [&hellip;]<\/p>\n","protected":false},"featured_media":9708,"comment_status":"open","ping_status":"closed","template":"","meta":{"site-sidebar-layout":"default","site-content-layout":"","ast-site-content-layout":"default","site-content-style":"default","site-sidebar-style":"default","ast-global-header-display":"","ast-banner-title-visibility":"","ast-main-header-display":"","ast-hfb-above-header-display":"","ast-hfb-below-header-display":"","ast-hfb-mobile-header-display":"","site-post-title":"","ast-breadcrumbs-content":"","ast-featured-img":"","footer-sml-layout":"","theme-transparent-header-meta":"default","adv-header-id-meta":"","stick-header-meta":"","header-above-stick-meta":"","header-main-stick-meta":"","header-below-stick-meta":"","astra-migrate-meta-layouts":"set","ast-page-background-enabled":"default","ast-page-background-meta":{"desktop":{"background-color":"var(--ast-global-color-5)","background-image":"","background-repeat":"repeat","background-position":"center center","background-size":"auto","background-attachment":"scroll","background-type":"","background-media":"","overlay-type":"","overlay-color":"","overlay-opacity":"","overlay-gradient":""},"tablet":{"background-color":"","background-image":"","background-repeat":"repeat","background-position":"center center","background-size":"auto","background-attachment":"scroll","background-type":"","background-media":"","overlay-type":"","overlay-color":"","overlay-opacity":"","overlay-gradient":""},"mobile":{"background-color":"","background-image":"","background-repeat":"repeat","background-position":"center center","background-size":"auto","background-attachment":"scroll","background-type":"","background-media":"","overlay-type":"","overlay-color":"","overlay-opacity":"","overlay-gradient":""}},"ast-content-background-meta":{"desktop":{"background-color":"var(--ast-global-color-4)","background-image":"","background-repeat":"repeat","background-position":"center center","background-size":"auto","background-attachment":"scroll","background-type":"","background-media":"","overlay-type":"","overlay-color":"","overlay-opacity":"","overlay-gradient":""},"tablet":{"background-color":"var(--ast-global-color-4)","background-image":"","background-repeat":"repeat","background-position":"center center","background-size":"auto","background-attachment":"scroll","background-type":"","background-media":"","overlay-type":"","overlay-color":"","overlay-opacity":"","overlay-gradient":""},"mobile":{"background-color":"var(--ast-global-color-4)","background-image":"","background-repeat":"repeat","background-position":"center center","background-size":"auto","background-attachment":"scroll","background-type":"","background-media":"","overlay-type":"","overlay-color":"","overlay-opacity":"","overlay-gradient":""}}},"product_brand":[],"product_cat":[19],"product_tag":[],"class_list":{"0":"post-9712","1":"product","2":"type-product","3":"status-publish","4":"has-post-thumbnail","6":"product_cat-uncategorized","7":"pa_23499_ondm5cfs-10-stk","8":"pa_23499_ondm5cfs-2-stk","9":"pa_23499_ondm5cfs-4-stk","10":"pa_23499_ondm5cfs-6-stk","11":"desktop-align-left","12":"tablet-align-left","13":"mobile-align-left","15":"first","16":"instock","17":"shipping-taxable","18":"purchasable","19":"product-type-variable"},"_links":{"self":[{"href":"https:\/\/ecostera.com\/dk\/wp-json\/wp\/v2\/product\/9712","targetHints":{"allow":["GET"]}}],"collection":[{"href":"https:\/\/ecostera.com\/dk\/wp-json\/wp\/v2\/product"}],"about":[{"href":"https:\/\/ecostera.com\/dk\/wp-json\/wp\/v2\/types\/product"}],"replies":[{"embeddable":true,"href":"https:\/\/ecostera.com\/dk\/wp-json\/wp\/v2\/comments?post=9712"}],"wp:featuredmedia":[{"embeddable":true,"href":"https:\/\/ecostera.com\/dk\/wp-json\/wp\/v2\/media\/9708"}],"wp:attachment":[{"href":"https:\/\/ecostera.com\/dk\/wp-json\/wp\/v2\/media?parent=9712"}],"wp:term":[{"taxonomy":"product_brand","embeddable":true,"href":"https:\/\/ecostera.com\/dk\/wp-json\/wp\/v2\/product_brand?post=9712"},{"taxonomy":"product_cat","embeddable":true,"href":"https:\/\/ecostera.com\/dk\/wp-json\/wp\/v2\/product_cat?post=9712"},{"taxonomy":"product_tag","embeddable":true,"href":"https:\/\/ecostera.com\/dk\/wp-json\/wp\/v2\/product_tag?post=9712"}],"curies":[{"name":"wp","href":"https:\/\/api.w.org\/{rel}","templated":true}]}}