{"id":9801,"date":"2025-09-03T09:48:49","date_gmt":"2025-09-03T06:48:49","guid":{"rendered":"https:\/\/ecostera.com\/dk\/product\/gloedende-plekter\/"},"modified":"2025-09-03T09:49:17","modified_gmt":"2025-09-03T06:49:17","slug":"gloedende-plekter","status":"publish","type":"product","link":"https:\/\/ecostera.com\/dk\/product\/gloedende-plekter\/","title":{"rendered":"Gl\u00f8dende plekter"},"content":{"rendered":"<h2 style=\"text-align: center\" data-start=\"0\" data-end=\"21\">Lysende LED-lys<\/h2>\n<p class=\"\" style=\"text-align: center\" data-start=\"22\" data-end=\"195\">Dette lysende plekter har indbygget LED-lys, som aktiveres ved ber\u00f8ring. Den klare gl\u00f8d giver en unik visuel effekt, mens du spiller, og g\u00f8r optr\u00e6den mere sp\u00e6ndende.<\/p>\n<p data-start=\"22\" data-end=\"195\"><img decoding=\"async\" class=\"alignnone size-medium wp-image-13236 aligncenter\" src=\"https:\/\/keluvo.com\/template\/wp-content\/uploads\/sites\/5\/2025\/04\/Sfcaeb6a0053b4b4bb2b460c916857ce5B.jpg_960x960q75.jpg_.jpeg\" alt=\"\" \/><\/p>\n<h2 style=\"text-align: center\" data-start=\"197\" data-end=\"226\">Komfortabel Og Holdbar<\/h2>\n<p class=\"\" style=\"text-align: center\" data-start=\"227\" data-end=\"398\">Lavet af f\u00f8devaregodkendt plast er dette gl\u00f8dende plekter b\u00e5de sikkert og langtidsholdbart. Det har en glat overflade og et behageligt greb, som g\u00f8r det nemt at h\u00e5ndtere under spillet.<\/p>\n<p style=\"text-align: center\" data-start=\"227\" data-end=\"398\"><img decoding=\"async\" class=\"alignnone size-medium wp-image-13229\" src=\"https:\/\/keluvo.com\/template\/wp-content\/uploads\/sites\/5\/2025\/04\/3cddc533-c292-4414-aec8-edf405529229.webp\" alt=\"\" \/><\/p>\n","protected":false},"excerpt":{"rendered":"<p>Lysende LED-lys Dette lysende plekter har indbygget LED-lys, som aktiveres ved ber\u00f8ring. Den klare gl\u00f8d giver en unik visuel effekt, [&hellip;]<\/p>\n","protected":false},"featured_media":9797,"comment_status":"open","ping_status":"closed","template":"","meta":{"site-sidebar-layout":"default","site-content-layout":"","ast-site-content-layout":"default","site-content-style":"default","site-sidebar-style":"default","ast-global-header-display":"","ast-banner-title-visibility":"","ast-main-header-display":"","ast-hfb-above-header-display":"","ast-hfb-below-header-display":"","ast-hfb-mobile-header-display":"","site-post-title":"","ast-breadcrumbs-content":"","ast-featured-img":"","footer-sml-layout":"","theme-transparent-header-meta":"default","adv-header-id-meta":"","stick-header-meta":"","header-above-stick-meta":"","header-main-stick-meta":"","header-below-stick-meta":"","astra-migrate-meta-layouts":"set","ast-page-background-enabled":"default","ast-page-background-meta":{"desktop":{"background-color":"var(--ast-global-color-5)","background-image":"","background-repeat":"repeat","background-position":"center center","background-size":"auto","background-attachment":"scroll","background-type":"","background-media":"","overlay-type":"","overlay-color":"","overlay-opacity":"","overlay-gradient":""},"tablet":{"background-color":"","background-image":"","background-repeat":"repeat","background-position":"center center","background-size":"auto","background-attachment":"scroll","background-type":"","background-media":"","overlay-type":"","overlay-color":"","overlay-opacity":"","overlay-gradient":""},"mobile":{"background-color":"","background-image":"","background-repeat":"repeat","background-position":"center center","background-size":"auto","background-attachment":"scroll","background-type":"","background-media":"","overlay-type":"","overlay-color":"","overlay-opacity":"","overlay-gradient":""}},"ast-content-background-meta":{"desktop":{"background-color":"var(--ast-global-color-4)","background-image":"","background-repeat":"repeat","background-position":"center center","background-size":"auto","background-attachment":"scroll","background-type":"","background-media":"","overlay-type":"","overlay-color":"","overlay-opacity":"","overlay-gradient":""},"tablet":{"background-color":"var(--ast-global-color-4)","background-image":"","background-repeat":"repeat","background-position":"center center","background-size":"auto","background-attachment":"scroll","background-type":"","background-media":"","overlay-type":"","overlay-color":"","overlay-opacity":"","overlay-gradient":""},"mobile":{"background-color":"var(--ast-global-color-4)","background-image":"","background-repeat":"repeat","background-position":"center center","background-size":"auto","background-attachment":"scroll","background-type":"","background-media":"","overlay-type":"","overlay-color":"","overlay-opacity":"","overlay-gradient":""}}},"product_brand":[],"product_cat":[19],"product_tag":[],"class_list":{"0":"post-9801","1":"product","2":"type-product","3":"status-publish","4":"has-post-thumbnail","6":"product_cat-uncategorized","7":"pa_33533_puuth542-groen","8":"pa_33533_puuth542-hvid","9":"pa_33533_puuth542-lyseroed","10":"pa_33533_t4ababgo-1-stk","11":"pa_33533_t4ababgo-2-stk","12":"pa_33533_t4ababgo-3-stk","13":"desktop-align-left","14":"tablet-align-left","15":"mobile-align-left","17":"first","18":"instock","19":"shipping-taxable","20":"purchasable","21":"product-type-variable","22":"has-default-attributes"},"_links":{"self":[{"href":"https:\/\/ecostera.com\/dk\/wp-json\/wp\/v2\/product\/9801","targetHints":{"allow":["GET"]}}],"collection":[{"href":"https:\/\/ecostera.com\/dk\/wp-json\/wp\/v2\/product"}],"about":[{"href":"https:\/\/ecostera.com\/dk\/wp-json\/wp\/v2\/types\/product"}],"replies":[{"embeddable":true,"href":"https:\/\/ecostera.com\/dk\/wp-json\/wp\/v2\/comments?post=9801"}],"wp:featuredmedia":[{"embeddable":true,"href":"https:\/\/ecostera.com\/dk\/wp-json\/wp\/v2\/media\/9797"}],"wp:attachment":[{"href":"https:\/\/ecostera.com\/dk\/wp-json\/wp\/v2\/media?parent=9801"}],"wp:term":[{"taxonomy":"product_brand","embeddable":true,"href":"https:\/\/ecostera.com\/dk\/wp-json\/wp\/v2\/product_brand?post=9801"},{"taxonomy":"product_cat","embeddable":true,"href":"https:\/\/ecostera.com\/dk\/wp-json\/wp\/v2\/product_cat?post=9801"},{"taxonomy":"product_tag","embeddable":true,"href":"https:\/\/ecostera.com\/dk\/wp-json\/wp\/v2\/product_tag?post=9801"}],"curies":[{"name":"wp","href":"https:\/\/api.w.org\/{rel}","templated":true}]}}