{"id":9828,"date":"2025-09-03T09:50:21","date_gmt":"2025-09-03T06:50:21","guid":{"rendered":"https:\/\/ecostera.com\/dk\/product\/skuldertaske\/"},"modified":"2025-09-22T18:45:41","modified_gmt":"2025-09-22T15:45:41","slug":"skuldertaske","status":"publish","type":"product","link":"https:\/\/ecostera.com\/dk\/product\/skuldertaske\/","title":{"rendered":"Skuldertaske"},"content":{"rendered":"<h2 style=\"text-align: center\" data-start=\"0\" data-end=\"34\">Stilfuldt og alsidigt design<\/h2>\n<p class=\"\" style=\"text-align: center\" data-start=\"35\" data-end=\"225\">Denne skuldertaske er en perfekt blanding af mode og funktion. Dens slanke design g\u00f8r den velegnet til b\u00e5de afslappede udflugter og formelle begivenheder. Match den nemt med ethvert outfit og f\u00e5 et trendy look.<\/p>\n<p data-start=\"35\" data-end=\"225\"><img decoding=\"async\" class=\"alignnone size-medium wp-image-13158 aligncenter\" src=\"https:\/\/keluvo.com\/template\/wp-content\/uploads\/sites\/5\/2025\/04\/Sd3115775d189483da49f7fa41b585c32j.jpeg\" alt=\"\" \/><\/p>\n<h2 style=\"text-align: center\" data-start=\"227\" data-end=\"260\">Rummelig og velorganiseret<\/h2>\n<p class=\"\" style=\"text-align: center\" data-start=\"261\" data-end=\"434\">Med et rummeligt hovedrum og flere lommer hj\u00e6lper denne skuldertaske med at holde orden p\u00e5 dine vigtigste ting. B\u00e6r alt fra din telefon til daglige forn\u00f8denheder med lethed.<\/p>\n<p data-start=\"261\" data-end=\"434\"><img decoding=\"async\" class=\"alignnone size-medium wp-image-13155 aligncenter\" src=\"https:\/\/keluvo.com\/template\/wp-content\/uploads\/sites\/5\/2025\/04\/Sa2ea19dc24594769897cdf693a5ff12bV.jpeg\" alt=\"\" \/><\/p>\n","protected":false},"excerpt":{"rendered":"<p>Stilfuldt og alsidigt design Denne skuldertaske er en perfekt blanding af mode og funktion. Dens slanke design g\u00f8r den velegnet [&hellip;]<\/p>\n","protected":false},"featured_media":9824,"comment_status":"open","ping_status":"closed","template":"","meta":{"site-sidebar-layout":"default","site-content-layout":"","ast-site-content-layout":"default","site-content-style":"default","site-sidebar-style":"default","ast-global-header-display":"","ast-banner-title-visibility":"","ast-main-header-display":"","ast-hfb-above-header-display":"","ast-hfb-below-header-display":"","ast-hfb-mobile-header-display":"","site-post-title":"","ast-breadcrumbs-content":"","ast-featured-img":"","footer-sml-layout":"","theme-transparent-header-meta":"default","adv-header-id-meta":"","stick-header-meta":"","header-above-stick-meta":"","header-main-stick-meta":"","header-below-stick-meta":"","astra-migrate-meta-layouts":"set","ast-page-background-enabled":"default","ast-page-background-meta":{"desktop":{"background-color":"var(--ast-global-color-5)","background-image":"","background-repeat":"repeat","background-position":"center center","background-size":"auto","background-attachment":"scroll","background-type":"","background-media":"","overlay-type":"","overlay-color":"","overlay-opacity":"","overlay-gradient":""},"tablet":{"background-color":"","background-image":"","background-repeat":"repeat","background-position":"center center","background-size":"auto","background-attachment":"scroll","background-type":"","background-media":"","overlay-type":"","overlay-color":"","overlay-opacity":"","overlay-gradient":""},"mobile":{"background-color":"","background-image":"","background-repeat":"repeat","background-position":"center center","background-size":"auto","background-attachment":"scroll","background-type":"","background-media":"","overlay-type":"","overlay-color":"","overlay-opacity":"","overlay-gradient":""}},"ast-content-background-meta":{"desktop":{"background-color":"var(--ast-global-color-4)","background-image":"","background-repeat":"repeat","background-position":"center center","background-size":"auto","background-attachment":"scroll","background-type":"","background-media":"","overlay-type":"","overlay-color":"","overlay-opacity":"","overlay-gradient":""},"tablet":{"background-color":"var(--ast-global-color-4)","background-image":"","background-repeat":"repeat","background-position":"center center","background-size":"auto","background-attachment":"scroll","background-type":"","background-media":"","overlay-type":"","overlay-color":"","overlay-opacity":"","overlay-gradient":""},"mobile":{"background-color":"var(--ast-global-color-4)","background-image":"","background-repeat":"repeat","background-position":"center center","background-size":"auto","background-attachment":"scroll","background-type":"","background-media":"","overlay-type":"","overlay-color":"","overlay-opacity":"","overlay-gradient":""}}},"product_brand":[],"product_cat":[19],"product_tag":[],"class_list":{"0":"post-9828","1":"product","2":"type-product","3":"status-publish","4":"has-post-thumbnail","6":"product_cat-uncategorized","7":"pa_35227_pkcl8zmd-graa","8":"pa_35227_pkcl8zmd-groen","9":"pa_35227_pkcl8zmd-khaki","10":"pa_35227_pkcl8zmd-roed","11":"pa_35227_pkcl8zmd-sort","12":"desktop-align-left","13":"tablet-align-left","14":"mobile-align-left","16":"first","17":"instock","18":"shipping-taxable","19":"purchasable","20":"product-type-variable"},"_links":{"self":[{"href":"https:\/\/ecostera.com\/dk\/wp-json\/wp\/v2\/product\/9828","targetHints":{"allow":["GET"]}}],"collection":[{"href":"https:\/\/ecostera.com\/dk\/wp-json\/wp\/v2\/product"}],"about":[{"href":"https:\/\/ecostera.com\/dk\/wp-json\/wp\/v2\/types\/product"}],"replies":[{"embeddable":true,"href":"https:\/\/ecostera.com\/dk\/wp-json\/wp\/v2\/comments?post=9828"}],"wp:featuredmedia":[{"embeddable":true,"href":"https:\/\/ecostera.com\/dk\/wp-json\/wp\/v2\/media\/9824"}],"wp:attachment":[{"href":"https:\/\/ecostera.com\/dk\/wp-json\/wp\/v2\/media?parent=9828"}],"wp:term":[{"taxonomy":"product_brand","embeddable":true,"href":"https:\/\/ecostera.com\/dk\/wp-json\/wp\/v2\/product_brand?post=9828"},{"taxonomy":"product_cat","embeddable":true,"href":"https:\/\/ecostera.com\/dk\/wp-json\/wp\/v2\/product_cat?post=9828"},{"taxonomy":"product_tag","embeddable":true,"href":"https:\/\/ecostera.com\/dk\/wp-json\/wp\/v2\/product_tag?post=9828"}],"curies":[{"name":"wp","href":"https:\/\/api.w.org\/{rel}","templated":true}]}}