{"id":9861,"date":"2025-09-03T09:53:48","date_gmt":"2025-09-03T06:53:48","guid":{"rendered":"https:\/\/ecostera.com\/dk\/product\/vaeske-til-reparation-af-billygter-30-ml\/"},"modified":"2025-09-22T18:36:54","modified_gmt":"2025-09-22T15:36:54","slug":"vaeske-til-reparation-af-billygter-30-ml","status":"publish","type":"product","link":"https:\/\/ecostera.com\/dk\/product\/vaeske-til-reparation-af-billygter-30-ml\/","title":{"rendered":"V\u00e6ske til reparation af billygter (30 ml)"},"content":{"rendered":"<h2 style=\"text-align: center\">Genopretter Klare Forlygter<\/h2>\n<p style=\"text-align: center\">Reparationsv\u00e6sken til billygter fjerner gulfarvning, ridser og oxidering fra forlygterne. Det f\u00e5r gamle, uklare lygter til at se klare og lyse ud igen. Det hj\u00e6lper med at forbedre synligheden og sikkerheden ved k\u00f8rsel om natten.<\/p>\n<p><img decoding=\"async\" class=\"alignnone size-medium wp-image-9868 aligncenter\" src=\"https:\/\/keluvo.com\/template\/wp-content\/uploads\/sites\/5\/2025\/01\/Sf6e477806392478ab79d88267d2cb21a9.jpeg_960x960q75.jpeg_.jpeg\" alt=\"\" \/><\/p>\n<h2 style=\"text-align: center\">Langvarig Uv-Beskyttelse<\/h2>\n<p style=\"text-align: center\">Billygternes reparationsv\u00e6ske skaber et beskyttende lag p\u00e5 forlygternes overflade. Det hj\u00e6lper med at forhindre skader fra sol, regn og st\u00f8v. Det holder forlygterne klare i l\u00e6ngere tid og reducerer behovet for hyppige reparationer.<\/p>\n<p><img decoding=\"async\" class=\"alignnone size-medium wp-image-9864 aligncenter\" src=\"https:\/\/keluvo.com\/template\/wp-content\/uploads\/sites\/5\/2025\/01\/S50a0fa74d47f4ba89692cdbfa48976ece.jpeg\" alt=\"\" \/><\/p>\n","protected":false},"excerpt":{"rendered":"<p>Genopretter Klare Forlygter Reparationsv\u00e6sken til billygter fjerner gulfarvning, ridser og oxidering fra forlygterne. Det f\u00e5r gamle, uklare lygter til at [&hellip;]<\/p>\n","protected":false},"featured_media":9857,"comment_status":"open","ping_status":"closed","template":"","meta":{"site-sidebar-layout":"default","site-content-layout":"","ast-site-content-layout":"default","site-content-style":"default","site-sidebar-style":"default","ast-global-header-display":"","ast-banner-title-visibility":"","ast-main-header-display":"","ast-hfb-above-header-display":"","ast-hfb-below-header-display":"","ast-hfb-mobile-header-display":"","site-post-title":"","ast-breadcrumbs-content":"","ast-featured-img":"","footer-sml-layout":"","theme-transparent-header-meta":"default","adv-header-id-meta":"","stick-header-meta":"","header-above-stick-meta":"","header-main-stick-meta":"","header-below-stick-meta":"","astra-migrate-meta-layouts":"set","ast-page-background-enabled":"default","ast-page-background-meta":{"desktop":{"background-color":"var(--ast-global-color-5)","background-image":"","background-repeat":"repeat","background-position":"center center","background-size":"auto","background-attachment":"scroll","background-type":"","background-media":"","overlay-type":"","overlay-color":"","overlay-opacity":"","overlay-gradient":""},"tablet":{"background-color":"","background-image":"","background-repeat":"repeat","background-position":"center center","background-size":"auto","background-attachment":"scroll","background-type":"","background-media":"","overlay-type":"","overlay-color":"","overlay-opacity":"","overlay-gradient":""},"mobile":{"background-color":"","background-image":"","background-repeat":"repeat","background-position":"center center","background-size":"auto","background-attachment":"scroll","background-type":"","background-media":"","overlay-type":"","overlay-color":"","overlay-opacity":"","overlay-gradient":""}},"ast-content-background-meta":{"desktop":{"background-color":"var(--ast-global-color-4)","background-image":"","background-repeat":"repeat","background-position":"center center","background-size":"auto","background-attachment":"scroll","background-type":"","background-media":"","overlay-type":"","overlay-color":"","overlay-opacity":"","overlay-gradient":""},"tablet":{"background-color":"var(--ast-global-color-4)","background-image":"","background-repeat":"repeat","background-position":"center center","background-size":"auto","background-attachment":"scroll","background-type":"","background-media":"","overlay-type":"","overlay-color":"","overlay-opacity":"","overlay-gradient":""},"mobile":{"background-color":"var(--ast-global-color-4)","background-image":"","background-repeat":"repeat","background-position":"center center","background-size":"auto","background-attachment":"scroll","background-type":"","background-media":"","overlay-type":"","overlay-color":"","overlay-opacity":"","overlay-gradient":""}}},"product_brand":[],"product_cat":[19],"product_tag":[],"class_list":{"0":"post-9861","1":"product","2":"type-product","3":"status-publish","4":"has-post-thumbnail","6":"product_cat-uncategorized","7":"desktop-align-left","8":"tablet-align-left","9":"mobile-align-left","11":"first","12":"instock","13":"shipping-taxable","14":"purchasable","15":"product-type-simple"},"_links":{"self":[{"href":"https:\/\/ecostera.com\/dk\/wp-json\/wp\/v2\/product\/9861","targetHints":{"allow":["GET"]}}],"collection":[{"href":"https:\/\/ecostera.com\/dk\/wp-json\/wp\/v2\/product"}],"about":[{"href":"https:\/\/ecostera.com\/dk\/wp-json\/wp\/v2\/types\/product"}],"replies":[{"embeddable":true,"href":"https:\/\/ecostera.com\/dk\/wp-json\/wp\/v2\/comments?post=9861"}],"wp:featuredmedia":[{"embeddable":true,"href":"https:\/\/ecostera.com\/dk\/wp-json\/wp\/v2\/media\/9857"}],"wp:attachment":[{"href":"https:\/\/ecostera.com\/dk\/wp-json\/wp\/v2\/media?parent=9861"}],"wp:term":[{"taxonomy":"product_brand","embeddable":true,"href":"https:\/\/ecostera.com\/dk\/wp-json\/wp\/v2\/product_brand?post=9861"},{"taxonomy":"product_cat","embeddable":true,"href":"https:\/\/ecostera.com\/dk\/wp-json\/wp\/v2\/product_cat?post=9861"},{"taxonomy":"product_tag","embeddable":true,"href":"https:\/\/ecostera.com\/dk\/wp-json\/wp\/v2\/product_tag?post=9861"}],"curies":[{"name":"wp","href":"https:\/\/api.w.org\/{rel}","templated":true}]}}