{"id":9879,"date":"2025-09-03T09:55:24","date_gmt":"2025-09-03T06:55:24","guid":{"rendered":"https:\/\/ecostera.com\/dk\/product\/gloedende-sten\/"},"modified":"2025-09-03T09:56:12","modified_gmt":"2025-09-03T06:56:12","slug":"gloedende-sten","status":"publish","type":"product","link":"https:\/\/ecostera.com\/dk\/product\/gloedende-sten\/","title":{"rendered":"Gl\u00f8dende sten"},"content":{"rendered":"<h2 style=\"text-align: center\">Sikre og holdbare materialer<\/h2>\n<p style=\"text-align: center\">Lysende sten er fremstillet af giftfri, lugtfri harpiks og lysende pulver, hvilket sikrer, at de er sikre at bruge i n\u00e6rheden af planter, k\u00e6ledyr og mennesker. Deres glatte kanter forhindrer ridser, og deres holdbare design giver dem mulighed for at lyse smukt i over 15 \u00e5r. Perfekt til ethvert kreativt eller dekorativt projekt.<\/p>\n<p><img decoding=\"async\" class=\"alignnone size-medium wp-image-9186 aligncenter\" src=\"https:\/\/keluvo.com\/template\/wp-content\/uploads\/sites\/5\/2025\/01\/Sb8b848b622f143d88dbfce2783415ff1m.jpg_960x960q75.jpg_.jpeg\" alt=\"\" \/><\/p>\n<h2 style=\"text-align: center\">Fantastisk gl\u00f8d i m\u00f8rket<\/h2>\n<p style=\"text-align: center\">Disse gl\u00f8desten absorberer energi fra sollys eller kunstigt lys og udsender en bl\u00f8d gl\u00f8d i m\u00f8rket i 3-6 timer. Stenene genoplades let, n\u00e5r de uds\u00e6ttes for lys, hvilket skaber en magisk effekt p\u00e5 stier, i haver, akvarier og andre steder. Jo m\u00f8rkere omgivelserne er, desto klarere lyser de.<\/p>\n<p><img decoding=\"async\" class=\"alignnone size-medium wp-image-9193 aligncenter\" src=\"https:\/\/keluvo.com\/template\/wp-content\/uploads\/sites\/5\/2025\/01\/Sd09e689231184f779dab3e58dd6f8369l.jpg_960x960q75.jpg_.jpeg\" alt=\"\" \/><\/p>\n","protected":false},"excerpt":{"rendered":"<p>Sikre og holdbare materialer Lysende sten er fremstillet af giftfri, lugtfri harpiks og lysende pulver, hvilket sikrer, at de er [&hellip;]<\/p>\n","protected":false},"featured_media":9875,"comment_status":"open","ping_status":"closed","template":"","meta":{"site-sidebar-layout":"default","site-content-layout":"","ast-site-content-layout":"default","site-content-style":"default","site-sidebar-style":"default","ast-global-header-display":"","ast-banner-title-visibility":"","ast-main-header-display":"","ast-hfb-above-header-display":"","ast-hfb-below-header-display":"","ast-hfb-mobile-header-display":"","site-post-title":"","ast-breadcrumbs-content":"","ast-featured-img":"","footer-sml-layout":"","theme-transparent-header-meta":"default","adv-header-id-meta":"","stick-header-meta":"","header-above-stick-meta":"","header-main-stick-meta":"","header-below-stick-meta":"","astra-migrate-meta-layouts":"set","ast-page-background-enabled":"default","ast-page-background-meta":{"desktop":{"background-color":"var(--ast-global-color-5)","background-image":"","background-repeat":"repeat","background-position":"center center","background-size":"auto","background-attachment":"scroll","background-type":"","background-media":"","overlay-type":"","overlay-color":"","overlay-opacity":"","overlay-gradient":""},"tablet":{"background-color":"","background-image":"","background-repeat":"repeat","background-position":"center center","background-size":"auto","background-attachment":"scroll","background-type":"","background-media":"","overlay-type":"","overlay-color":"","overlay-opacity":"","overlay-gradient":""},"mobile":{"background-color":"","background-image":"","background-repeat":"repeat","background-position":"center center","background-size":"auto","background-attachment":"scroll","background-type":"","background-media":"","overlay-type":"","overlay-color":"","overlay-opacity":"","overlay-gradient":""}},"ast-content-background-meta":{"desktop":{"background-color":"var(--ast-global-color-4)","background-image":"","background-repeat":"repeat","background-position":"center center","background-size":"auto","background-attachment":"scroll","background-type":"","background-media":"","overlay-type":"","overlay-color":"","overlay-opacity":"","overlay-gradient":""},"tablet":{"background-color":"var(--ast-global-color-4)","background-image":"","background-repeat":"repeat","background-position":"center center","background-size":"auto","background-attachment":"scroll","background-type":"","background-media":"","overlay-type":"","overlay-color":"","overlay-opacity":"","overlay-gradient":""},"mobile":{"background-color":"var(--ast-global-color-4)","background-image":"","background-repeat":"repeat","background-position":"center center","background-size":"auto","background-attachment":"scroll","background-type":"","background-media":"","overlay-type":"","overlay-color":"","overlay-opacity":"","overlay-gradient":""}}},"product_brand":[],"product_cat":[19],"product_tag":[],"class_list":{"0":"post-9879","1":"product","2":"type-product","3":"status-publish","4":"has-post-thumbnail","6":"product_cat-uncategorized","7":"pa_44295_orddqta0-blaa","8":"pa_44295_orddqta0-flerfarvet","9":"pa_44295_orddqta0-hvid","10":"pa_44295_zxlvu4b2-100-stk","11":"pa_44295_zxlvu4b2-500-stk","12":"desktop-align-left","13":"tablet-align-left","14":"mobile-align-left","16":"first","17":"instock","18":"shipping-taxable","19":"purchasable","20":"product-type-variable","21":"has-default-attributes"},"_links":{"self":[{"href":"https:\/\/ecostera.com\/dk\/wp-json\/wp\/v2\/product\/9879","targetHints":{"allow":["GET"]}}],"collection":[{"href":"https:\/\/ecostera.com\/dk\/wp-json\/wp\/v2\/product"}],"about":[{"href":"https:\/\/ecostera.com\/dk\/wp-json\/wp\/v2\/types\/product"}],"replies":[{"embeddable":true,"href":"https:\/\/ecostera.com\/dk\/wp-json\/wp\/v2\/comments?post=9879"}],"wp:featuredmedia":[{"embeddable":true,"href":"https:\/\/ecostera.com\/dk\/wp-json\/wp\/v2\/media\/9875"}],"wp:attachment":[{"href":"https:\/\/ecostera.com\/dk\/wp-json\/wp\/v2\/media?parent=9879"}],"wp:term":[{"taxonomy":"product_brand","embeddable":true,"href":"https:\/\/ecostera.com\/dk\/wp-json\/wp\/v2\/product_brand?post=9879"},{"taxonomy":"product_cat","embeddable":true,"href":"https:\/\/ecostera.com\/dk\/wp-json\/wp\/v2\/product_cat?post=9879"},{"taxonomy":"product_tag","embeddable":true,"href":"https:\/\/ecostera.com\/dk\/wp-json\/wp\/v2\/product_tag?post=9879"}],"curies":[{"name":"wp","href":"https:\/\/api.w.org\/{rel}","templated":true}]}}