{"id":9901,"date":"2025-09-03T09:56:49","date_gmt":"2025-09-03T06:56:49","guid":{"rendered":"https:\/\/ecostera.com\/dk\/product\/elektrisk-hakker\/"},"modified":"2025-09-22T18:36:58","modified_gmt":"2025-09-22T15:36:58","slug":"elektrisk-hakker","status":"publish","type":"product","link":"https:\/\/ecostera.com\/dk\/product\/elektrisk-hakker\/","title":{"rendered":"Elektrisk hakker"},"content":{"rendered":"<h2 style=\"text-align: center\">Kraftfulde Og Effektive Knive<\/h2>\n<p style=\"text-align: center\">Den elektriske hakker har holdbare knive i rustfrit st\u00e5l, der er designet til at sk\u00e6re hurtigt og effektivt. Den hakker nemt hvidl\u00f8g, n\u00f8dder, gr\u00f8ntsager, k\u00f8d og endda isterninger, hvilket g\u00f8r den til et alsidigt v\u00e6rkt\u00f8j i dit k\u00f8kken. Perfekt til at tilberede ingredienser eller babymad p\u00e5 f\u00e5 sekunder.<\/p>\n<p><img decoding=\"async\" class=\"alignnone size-medium wp-image-9111 aligncenter\" src=\"https:\/\/keluvo.com\/template\/wp-content\/uploads\/sites\/5\/2025\/01\/S7abd983584d1478ca6eb99957d0f0e4bt.jpg_960x960q75.jpg_.jpeg\" alt=\"\" \/><\/p>\n<h2 style=\"text-align: center\">Kompakt Og B\u00e6rbart Design<\/h2>\n<p style=\"text-align: center\">Med en kapacitet p\u00e5 100 ml\/250 ml er den elektriske hakker kompakt og nem at b\u00e6re. Den lille st\u00f8rrelse g\u00f8r den ideel til sm\u00e5 k\u00f8kkener, rejser eller hurtig tilberedning af m\u00e5ltider. P\u00e5 trods af sin st\u00f8rrelse har den en kraftig ydeevne til alle dine hakkebehov.<\/p>\n<p><img decoding=\"async\" class=\"alignnone size-medium wp-image-9109 aligncenter\" src=\"https:\/\/keluvo.com\/template\/wp-content\/uploads\/sites\/5\/2025\/01\/Se8cc253fb89147449e24502fa678d248c.jpg_960x960q75.jpg_.jpeg\" alt=\"\" \/><\/p>\n","protected":false},"excerpt":{"rendered":"<p>Kraftfulde Og Effektive Knive Den elektriske hakker har holdbare knive i rustfrit st\u00e5l, der er designet til at sk\u00e6re hurtigt [&hellip;]<\/p>\n","protected":false},"featured_media":9897,"comment_status":"open","ping_status":"closed","template":"","meta":{"site-sidebar-layout":"default","site-content-layout":"","ast-site-content-layout":"default","site-content-style":"default","site-sidebar-style":"default","ast-global-header-display":"","ast-banner-title-visibility":"","ast-main-header-display":"","ast-hfb-above-header-display":"","ast-hfb-below-header-display":"","ast-hfb-mobile-header-display":"","site-post-title":"","ast-breadcrumbs-content":"","ast-featured-img":"","footer-sml-layout":"","theme-transparent-header-meta":"default","adv-header-id-meta":"","stick-header-meta":"","header-above-stick-meta":"","header-main-stick-meta":"","header-below-stick-meta":"","astra-migrate-meta-layouts":"set","ast-page-background-enabled":"default","ast-page-background-meta":{"desktop":{"background-color":"var(--ast-global-color-5)","background-image":"","background-repeat":"repeat","background-position":"center center","background-size":"auto","background-attachment":"scroll","background-type":"","background-media":"","overlay-type":"","overlay-color":"","overlay-opacity":"","overlay-gradient":""},"tablet":{"background-color":"","background-image":"","background-repeat":"repeat","background-position":"center center","background-size":"auto","background-attachment":"scroll","background-type":"","background-media":"","overlay-type":"","overlay-color":"","overlay-opacity":"","overlay-gradient":""},"mobile":{"background-color":"","background-image":"","background-repeat":"repeat","background-position":"center center","background-size":"auto","background-attachment":"scroll","background-type":"","background-media":"","overlay-type":"","overlay-color":"","overlay-opacity":"","overlay-gradient":""}},"ast-content-background-meta":{"desktop":{"background-color":"var(--ast-global-color-4)","background-image":"","background-repeat":"repeat","background-position":"center center","background-size":"auto","background-attachment":"scroll","background-type":"","background-media":"","overlay-type":"","overlay-color":"","overlay-opacity":"","overlay-gradient":""},"tablet":{"background-color":"var(--ast-global-color-4)","background-image":"","background-repeat":"repeat","background-position":"center center","background-size":"auto","background-attachment":"scroll","background-type":"","background-media":"","overlay-type":"","overlay-color":"","overlay-opacity":"","overlay-gradient":""},"mobile":{"background-color":"var(--ast-global-color-4)","background-image":"","background-repeat":"repeat","background-position":"center center","background-size":"auto","background-attachment":"scroll","background-type":"","background-media":"","overlay-type":"","overlay-color":"","overlay-opacity":"","overlay-gradient":""}}},"product_brand":[],"product_cat":[19],"product_tag":[],"class_list":{"0":"post-9901","1":"product","2":"type-product","3":"status-publish","4":"has-post-thumbnail","6":"product_cat-uncategorized","7":"pa_44390_khfpz0aj-groen","8":"pa_44390_khfpz0aj-lyseroed","9":"pa_44390_kqvp2qpp-100-ml","10":"pa_44390_kqvp2qpp-250-ml","11":"desktop-align-left","12":"tablet-align-left","13":"mobile-align-left","15":"first","16":"instock","17":"shipping-taxable","18":"purchasable","19":"product-type-variable","20":"has-default-attributes"},"_links":{"self":[{"href":"https:\/\/ecostera.com\/dk\/wp-json\/wp\/v2\/product\/9901","targetHints":{"allow":["GET"]}}],"collection":[{"href":"https:\/\/ecostera.com\/dk\/wp-json\/wp\/v2\/product"}],"about":[{"href":"https:\/\/ecostera.com\/dk\/wp-json\/wp\/v2\/types\/product"}],"replies":[{"embeddable":true,"href":"https:\/\/ecostera.com\/dk\/wp-json\/wp\/v2\/comments?post=9901"}],"wp:featuredmedia":[{"embeddable":true,"href":"https:\/\/ecostera.com\/dk\/wp-json\/wp\/v2\/media\/9897"}],"wp:attachment":[{"href":"https:\/\/ecostera.com\/dk\/wp-json\/wp\/v2\/media?parent=9901"}],"wp:term":[{"taxonomy":"product_brand","embeddable":true,"href":"https:\/\/ecostera.com\/dk\/wp-json\/wp\/v2\/product_brand?post=9901"},{"taxonomy":"product_cat","embeddable":true,"href":"https:\/\/ecostera.com\/dk\/wp-json\/wp\/v2\/product_cat?post=9901"},{"taxonomy":"product_tag","embeddable":true,"href":"https:\/\/ecostera.com\/dk\/wp-json\/wp\/v2\/product_tag?post=9901"}],"curies":[{"name":"wp","href":"https:\/\/api.w.org\/{rel}","templated":true}]}}