{"id":9958,"date":"2025-09-03T10:01:49","date_gmt":"2025-09-03T07:01:49","guid":{"rendered":"https:\/\/ecostera.com\/dk\/product\/undertoej-til-hunde\/"},"modified":"2025-09-03T10:03:32","modified_gmt":"2025-09-03T07:03:32","slug":"undertoej-til-hunde","status":"publish","type":"product","link":"https:\/\/ecostera.com\/dk\/product\/undertoej-til-hunde\/","title":{"rendered":"Undert\u00f8j til hunde"},"content":{"rendered":"<h2 data-start=\"0\" data-end=\"32\"><img decoding=\"async\" class=\"alignnone size-full wp-image-33576 aligncenter\" src=\"https:\/\/keluvo.com\/template\/wp-content\/uploads\/sites\/5\/2025\/04\/fafaff.png\" alt=\"\" \/><\/h2>\n<h2 style=\"text-align: center\" data-start=\"0\" data-end=\"32\">Komfortabel og sikker pasform<\/h2>\n<p class=\"\" style=\"text-align: center\" data-start=\"33\" data-end=\"258\">Hundeundert\u00f8jet er designet med bl\u00f8dt, \u00e5ndbart stof for at sikre maksimal komfort for dit k\u00e6ledyr. Den justerbare linning giver en sikker pasform uden at for\u00e5rsage ubehag. Din hund kan bev\u00e6ge sig frit, mens den er beskyttet.<\/p>\n<p data-start=\"33\" data-end=\"258\"><img decoding=\"async\" class=\"alignnone size-medium wp-image-13108 aligncenter\" src=\"https:\/\/keluvo.com\/template\/wp-content\/uploads\/sites\/5\/2025\/04\/O1CN01YhYhWr2Di5q6IcYtL_2171358642-0-cib.jpg_.jpeg\" alt=\"\" \/><\/p>\n<h2 style=\"text-align: center\" data-start=\"260\" data-end=\"287\">Holder dit hjem rent<\/h2>\n<p class=\"\" style=\"text-align: center\" data-start=\"288\" data-end=\"494\">Dette hundeundert\u00f8j hj\u00e6lper med at forhindre svineri under dit k\u00e6ledyrs brunstcyklus. Det absorberer effektivt fugt og holder m\u00f8bler, t\u00e6pper og gulve rene. En god l\u00f8sning til at opretholde hygiejnen i dit hjem.<\/p>\n<p data-start=\"288\" data-end=\"494\"><img decoding=\"async\" class=\"alignnone size-medium wp-image-13107 aligncenter\" src=\"https:\/\/keluvo.com\/template\/wp-content\/uploads\/sites\/5\/2025\/04\/O1CN01KTZKjJ2Di5q5PVO59_2171358642-0-cib.jpg_.jpeg\" alt=\"\" \/><\/p>\n","protected":false},"excerpt":{"rendered":"<p>Komfortabel og sikker pasform Hundeundert\u00f8jet er designet med bl\u00f8dt, \u00e5ndbart stof for at sikre maksimal komfort for dit k\u00e6ledyr. Den [&hellip;]<\/p>\n","protected":false},"featured_media":9954,"comment_status":"open","ping_status":"closed","template":"","meta":{"site-sidebar-layout":"default","site-content-layout":"","ast-site-content-layout":"default","site-content-style":"default","site-sidebar-style":"default","ast-global-header-display":"","ast-banner-title-visibility":"","ast-main-header-display":"","ast-hfb-above-header-display":"","ast-hfb-below-header-display":"","ast-hfb-mobile-header-display":"","site-post-title":"","ast-breadcrumbs-content":"","ast-featured-img":"","footer-sml-layout":"","theme-transparent-header-meta":"default","adv-header-id-meta":"","stick-header-meta":"","header-above-stick-meta":"","header-main-stick-meta":"","header-below-stick-meta":"","astra-migrate-meta-layouts":"set","ast-page-background-enabled":"default","ast-page-background-meta":{"desktop":{"background-color":"var(--ast-global-color-5)","background-image":"","background-repeat":"repeat","background-position":"center center","background-size":"auto","background-attachment":"scroll","background-type":"","background-media":"","overlay-type":"","overlay-color":"","overlay-opacity":"","overlay-gradient":""},"tablet":{"background-color":"","background-image":"","background-repeat":"repeat","background-position":"center center","background-size":"auto","background-attachment":"scroll","background-type":"","background-media":"","overlay-type":"","overlay-color":"","overlay-opacity":"","overlay-gradient":""},"mobile":{"background-color":"","background-image":"","background-repeat":"repeat","background-position":"center center","background-size":"auto","background-attachment":"scroll","background-type":"","background-media":"","overlay-type":"","overlay-color":"","overlay-opacity":"","overlay-gradient":""}},"ast-content-background-meta":{"desktop":{"background-color":"var(--ast-global-color-4)","background-image":"","background-repeat":"repeat","background-position":"center center","background-size":"auto","background-attachment":"scroll","background-type":"","background-media":"","overlay-type":"","overlay-color":"","overlay-opacity":"","overlay-gradient":""},"tablet":{"background-color":"var(--ast-global-color-4)","background-image":"","background-repeat":"repeat","background-position":"center center","background-size":"auto","background-attachment":"scroll","background-type":"","background-media":"","overlay-type":"","overlay-color":"","overlay-opacity":"","overlay-gradient":""},"mobile":{"background-color":"var(--ast-global-color-4)","background-image":"","background-repeat":"repeat","background-position":"center center","background-size":"auto","background-attachment":"scroll","background-type":"","background-media":"","overlay-type":"","overlay-color":"","overlay-opacity":"","overlay-gradient":""}}},"product_brand":[],"product_cat":[19],"product_tag":[],"class_list":{"0":"post-9958","1":"product","2":"type-product","3":"status-publish","4":"has-post-thumbnail","6":"product_cat-uncategorized","7":"pa_47934_iz61i7sy-l","8":"pa_47934_iz61i7sy-m","9":"pa_47934_iz61i7sy-s","10":"pa_47934_iz61i7sy-xl","11":"pa_47934_iz61i7sy-xxl","12":"pa_47934_tuce420d-blaa","13":"pa_47934_tuce420d-groen","14":"pa_47934_tuce420d-gul","15":"desktop-align-left","16":"tablet-align-left","17":"mobile-align-left","19":"first","20":"instock","21":"shipping-taxable","22":"purchasable","23":"product-type-variable","24":"has-default-attributes"},"_links":{"self":[{"href":"https:\/\/ecostera.com\/dk\/wp-json\/wp\/v2\/product\/9958","targetHints":{"allow":["GET"]}}],"collection":[{"href":"https:\/\/ecostera.com\/dk\/wp-json\/wp\/v2\/product"}],"about":[{"href":"https:\/\/ecostera.com\/dk\/wp-json\/wp\/v2\/types\/product"}],"replies":[{"embeddable":true,"href":"https:\/\/ecostera.com\/dk\/wp-json\/wp\/v2\/comments?post=9958"}],"wp:featuredmedia":[{"embeddable":true,"href":"https:\/\/ecostera.com\/dk\/wp-json\/wp\/v2\/media\/9954"}],"wp:attachment":[{"href":"https:\/\/ecostera.com\/dk\/wp-json\/wp\/v2\/media?parent=9958"}],"wp:term":[{"taxonomy":"product_brand","embeddable":true,"href":"https:\/\/ecostera.com\/dk\/wp-json\/wp\/v2\/product_brand?post=9958"},{"taxonomy":"product_cat","embeddable":true,"href":"https:\/\/ecostera.com\/dk\/wp-json\/wp\/v2\/product_cat?post=9958"},{"taxonomy":"product_tag","embeddable":true,"href":"https:\/\/ecostera.com\/dk\/wp-json\/wp\/v2\/product_tag?post=9958"}],"curies":[{"name":"wp","href":"https:\/\/api.w.org\/{rel}","templated":true}]}}